{"id":152,"date":"2016-10-07T00:23:10","date_gmt":"2016-10-06T22:23:10","guid":{"rendered":"http:\/\/przewodnikgdanski.pl\/2017\/?page_id=152"},"modified":"2017-02-26T23:31:18","modified_gmt":"2017-02-26T22:31:18","slug":"geografia","status":"publish","type":"page","link":"https:\/\/przewodnikgdanski.pl\/2017\/materialy-kursowe\/geografia\/","title":{"rendered":"Geografia"},"content":{"rendered":"NIe masz uprawnie\u0144 do ogl\u0105dania tej tre\u015bci.","protected":false},"excerpt":{"rendered":"<p>NIe masz uprawnie\u0144 do ogl\u0105dania tej tre\u015bci.<\/p>\n","protected":false},"author":5,"featured_media":0,"parent":5,"menu_order":0,"comment_status":"closed","ping_status":"closed","template":"","meta":[],"_links":{"self":[{"href":"https:\/\/przewodnikgdanski.pl\/2017\/wp-json\/wp\/v2\/pages\/152"}],"collection":[{"href":"https:\/\/przewodnikgdanski.pl\/2017\/wp-json\/wp\/v2\/pages"}],"about":[{"href":"https:\/\/przewodnikgdanski.pl\/2017\/wp-json\/wp\/v2\/types\/page"}],"author":[{"embeddable":true,"href":"https:\/\/przewodnikgdanski.pl\/2017\/wp-json\/wp\/v2\/users\/5"}],"replies":[{"embeddable":true,"href":"https:\/\/przewodnikgdanski.pl\/2017\/wp-json\/wp\/v2\/comments?post=152"}],"version-history":[{"count":8,"href":"https:\/\/przewodnikgdanski.pl\/2017\/wp-json\/wp\/v2\/pages\/152\/revisions"}],"predecessor-version":[{"id":856,"href":"https:\/\/przewodnikgdanski.pl\/2017\/wp-json\/wp\/v2\/pages\/152\/revisions\/856"}],"up":[{"embeddable":true,"href":"https:\/\/przewodnikgdanski.pl\/2017\/wp-json\/wp\/v2\/pages\/5"}],"wp:attachment":[{"href":"https:\/\/przewodnikgdanski.pl\/2017\/wp-json\/wp\/v2\/media?parent=152"}],"curies":[{"name":"wp","href":"https:\/\/api.w.org\/{rel}","templated":true}]}}