{"id":158,"date":"2016-10-07T00:24:05","date_gmt":"2016-10-06T22:24:05","guid":{"rendered":"http:\/\/przewodnikgdanski.pl\/2017\/?page_id=158"},"modified":"2017-05-15T22:03:03","modified_gmt":"2017-05-15T20:03:03","slug":"architektura","status":"publish","type":"page","link":"https:\/\/przewodnikgdanski.pl\/2017\/materialy-kursowe\/architektura\/","title":{"rendered":"Architektura"},"content":{"rendered":"NIe masz uprawnie\u0144 do ogl\u0105dania tej tre\u015bci.","protected":false},"excerpt":{"rendered":"<p>NIe masz uprawnie\u0144 do ogl\u0105dania tej tre\u015bci.<\/p>\n","protected":false},"author":5,"featured_media":0,"parent":5,"menu_order":0,"comment_status":"closed","ping_status":"closed","template":"","meta":[],"_links":{"self":[{"href":"https:\/\/przewodnikgdanski.pl\/2017\/wp-json\/wp\/v2\/pages\/158"}],"collection":[{"href":"https:\/\/przewodnikgdanski.pl\/2017\/wp-json\/wp\/v2\/pages"}],"about":[{"href":"https:\/\/przewodnikgdanski.pl\/2017\/wp-json\/wp\/v2\/types\/page"}],"author":[{"embeddable":true,"href":"https:\/\/przewodnikgdanski.pl\/2017\/wp-json\/wp\/v2\/users\/5"}],"replies":[{"embeddable":true,"href":"https:\/\/przewodnikgdanski.pl\/2017\/wp-json\/wp\/v2\/comments?post=158"}],"version-history":[{"count":8,"href":"https:\/\/przewodnikgdanski.pl\/2017\/wp-json\/wp\/v2\/pages\/158\/revisions"}],"predecessor-version":[{"id":1292,"href":"https:\/\/przewodnikgdanski.pl\/2017\/wp-json\/wp\/v2\/pages\/158\/revisions\/1292"}],"up":[{"embeddable":true,"href":"https:\/\/przewodnikgdanski.pl\/2017\/wp-json\/wp\/v2\/pages\/5"}],"wp:attachment":[{"href":"https:\/\/przewodnikgdanski.pl\/2017\/wp-json\/wp\/v2\/media?parent=158"}],"curies":[{"name":"wp","href":"https:\/\/api.w.org\/{rel}","templated":true}]}}