{"id":634,"date":"2016-12-27T10:13:13","date_gmt":"2016-12-27T09:13:13","guid":{"rendered":"http:\/\/przewodnikgdanski.pl\/2017\/?page_id=634"},"modified":"2016-12-27T10:13:13","modified_gmt":"2016-12-27T09:13:13","slug":"trasa-objazdu","status":"publish","type":"page","link":"https:\/\/przewodnikgdanski.pl\/2017\/trasa-objazdu\/","title":{"rendered":"Trasa objazdu"},"content":{"rendered":"NIe masz uprawnie\u0144 do ogl\u0105dania tej tre\u015bci.","protected":false},"excerpt":{"rendered":"<p>NIe masz uprawnie\u0144 do ogl\u0105dania tej tre\u015bci.<\/p>\n","protected":false},"author":5,"featured_media":0,"parent":0,"menu_order":0,"comment_status":"closed","ping_status":"closed","template":"","meta":[],"_links":{"self":[{"href":"https:\/\/przewodnikgdanski.pl\/2017\/wp-json\/wp\/v2\/pages\/634"}],"collection":[{"href":"https:\/\/przewodnikgdanski.pl\/2017\/wp-json\/wp\/v2\/pages"}],"about":[{"href":"https:\/\/przewodnikgdanski.pl\/2017\/wp-json\/wp\/v2\/types\/page"}],"author":[{"embeddable":true,"href":"https:\/\/przewodnikgdanski.pl\/2017\/wp-json\/wp\/v2\/users\/5"}],"replies":[{"embeddable":true,"href":"https:\/\/przewodnikgdanski.pl\/2017\/wp-json\/wp\/v2\/comments?post=634"}],"version-history":[{"count":1,"href":"https:\/\/przewodnikgdanski.pl\/2017\/wp-json\/wp\/v2\/pages\/634\/revisions"}],"predecessor-version":[{"id":635,"href":"https:\/\/przewodnikgdanski.pl\/2017\/wp-json\/wp\/v2\/pages\/634\/revisions\/635"}],"wp:attachment":[{"href":"https:\/\/przewodnikgdanski.pl\/2017\/wp-json\/wp\/v2\/media?parent=634"}],"curies":[{"name":"wp","href":"https:\/\/api.w.org\/{rel}","templated":true}]}}