{"id":642,"date":"2016-12-27T10:19:48","date_gmt":"2016-12-27T09:19:48","guid":{"rendered":"http:\/\/przewodnikgdanski.pl\/2017\/?page_id=642"},"modified":"2016-12-27T10:31:41","modified_gmt":"2016-12-27T09:31:41","slug":"galeria","status":"publish","type":"page","link":"https:\/\/przewodnikgdanski.pl\/2017\/galeria\/","title":{"rendered":"Galeria"},"content":{"rendered":"NIe masz uprawnie\u0144 do ogl\u0105dania tej tre\u015bci.","protected":false},"excerpt":{"rendered":"<p>NIe masz uprawnie\u0144 do ogl\u0105dania tej tre\u015bci.<\/p>\n","protected":false},"author":5,"featured_media":0,"parent":0,"menu_order":0,"comment_status":"closed","ping_status":"closed","template":"","meta":[],"_links":{"self":[{"href":"https:\/\/przewodnikgdanski.pl\/2017\/wp-json\/wp\/v2\/pages\/642"}],"collection":[{"href":"https:\/\/przewodnikgdanski.pl\/2017\/wp-json\/wp\/v2\/pages"}],"about":[{"href":"https:\/\/przewodnikgdanski.pl\/2017\/wp-json\/wp\/v2\/types\/page"}],"author":[{"embeddable":true,"href":"https:\/\/przewodnikgdanski.pl\/2017\/wp-json\/wp\/v2\/users\/5"}],"replies":[{"embeddable":true,"href":"https:\/\/przewodnikgdanski.pl\/2017\/wp-json\/wp\/v2\/comments?post=642"}],"version-history":[{"count":4,"href":"https:\/\/przewodnikgdanski.pl\/2017\/wp-json\/wp\/v2\/pages\/642\/revisions"}],"predecessor-version":[{"id":649,"href":"https:\/\/przewodnikgdanski.pl\/2017\/wp-json\/wp\/v2\/pages\/642\/revisions\/649"}],"wp:attachment":[{"href":"https:\/\/przewodnikgdanski.pl\/2017\/wp-json\/wp\/v2\/media?parent=642"}],"curies":[{"name":"wp","href":"https:\/\/api.w.org\/{rel}","templated":true}]}}