{"id":646,"date":"2016-12-27T10:24:55","date_gmt":"2016-12-27T09:24:55","guid":{"rendered":"http:\/\/przewodnikgdanski.pl\/2017\/?page_id=646"},"modified":"2017-01-07T02:43:27","modified_gmt":"2017-01-07T01:43:27","slug":"biblioteka","status":"publish","type":"page","link":"https:\/\/przewodnikgdanski.pl\/2017\/biblioteka\/","title":{"rendered":"Biblioteka"},"content":{"rendered":"NIe masz uprawnie\u0144 do ogl\u0105dania tej tre\u015bci.","protected":false},"excerpt":{"rendered":"<p>NIe masz uprawnie\u0144 do ogl\u0105dania tej tre\u015bci.<\/p>\n","protected":false},"author":5,"featured_media":0,"parent":0,"menu_order":0,"comment_status":"closed","ping_status":"closed","template":"","meta":[],"_links":{"self":[{"href":"https:\/\/przewodnikgdanski.pl\/2017\/wp-json\/wp\/v2\/pages\/646"}],"collection":[{"href":"https:\/\/przewodnikgdanski.pl\/2017\/wp-json\/wp\/v2\/pages"}],"about":[{"href":"https:\/\/przewodnikgdanski.pl\/2017\/wp-json\/wp\/v2\/types\/page"}],"author":[{"embeddable":true,"href":"https:\/\/przewodnikgdanski.pl\/2017\/wp-json\/wp\/v2\/users\/5"}],"replies":[{"embeddable":true,"href":"https:\/\/przewodnikgdanski.pl\/2017\/wp-json\/wp\/v2\/comments?post=646"}],"version-history":[{"count":4,"href":"https:\/\/przewodnikgdanski.pl\/2017\/wp-json\/wp\/v2\/pages\/646\/revisions"}],"predecessor-version":[{"id":692,"href":"https:\/\/przewodnikgdanski.pl\/2017\/wp-json\/wp\/v2\/pages\/646\/revisions\/692"}],"wp:attachment":[{"href":"https:\/\/przewodnikgdanski.pl\/2017\/wp-json\/wp\/v2\/media?parent=646"}],"curies":[{"name":"wp","href":"https:\/\/api.w.org\/{rel}","templated":true}]}}